{"id":1047,"date":"2022-03-14T18:15:36","date_gmt":"2022-03-14T18:15:36","guid":{"rendered":"https:\/\/arrplatform.org\/bcms\/?page_id=1047"},"modified":"2023-02-17T18:42:55","modified_gmt":"2023-02-17T17:42:55","slug":"o-nama","status":"publish","type":"page","link":"https:\/\/arrplatform.org\/bcms\/o-nama\/","title":{"rendered":"O nama"},"content":{"rendered":"<p>[et_pb_section fb_built=&#8221;1&#8221; admin_label=&#8221;Header&#8221; _builder_version=&#8221;4.16&#8221; background_image=&#8221;https:\/\/arrplatform.org\/wp-content\/uploads\/2022\/03\/office1-e1647237007591.jpg&#8221; parallax=&#8221;on&#8221; custom_margin=&#8221;|||&#8221; custom_padding=&#8221;12vw|0px|0|0px|false|false&#8221; locked=&#8221;off&#8221; global_colors_info=&#8221;{}&#8221;][et_pb_row custom_padding_last_edited=&#8221;on|desktop&#8221; padding_top_bottom_link_1=&#8221;false&#8221; padding_left_right_link_1=&#8221;true&#8221; _builder_version=&#8221;4.16&#8221; background_size=&#8221;initial&#8221; background_position=&#8221;top_left&#8221; background_repeat=&#8221;repeat&#8221; max_width=&#8221;1160px&#8221; custom_margin=&#8221;|||||false&#8221; custom_padding=&#8221;27px|20em|0|0px|false|false&#8221; custom_padding_tablet=&#8221;|0px|||false|false&#8221; custom_padding_phone=&#8221;|0px|||false|false&#8221; use_custom_width=&#8221;on&#8221; custom_width_px=&#8221;1160px&#8221; global_colors_info=&#8221;{}&#8221;][et_pb_column type=&#8221;4_4&#8221; _builder_version=&#8221;4.16&#8221; background_color=&#8221;#ffffff&#8221; custom_padding=&#8221;40px|40px|0px|40px&#8221; global_colors_info=&#8221;{}&#8221; custom_padding__hover=&#8221;|||&#8221;][et_pb_text _builder_version=&#8221;4.16&#8221; text_font=&#8221;Playfair Display|700|||||||&#8221; text_text_color=&#8221;#000000&#8221; text_font_size=&#8221;48px&#8221; text_line_height=&#8221;1.4em&#8221; ul_font=&#8221;||||||||&#8221; ol_font=&#8221;||||||||&#8221; header_font=&#8221;Playfair Display|700|||||||&#8221; header_font_size=&#8221;48px&#8221; header_line_height=&#8221;1.5em&#8221; header_2_font=&#8221;||||||||&#8221; header_3_font=&#8221;Rubik|500||on|||||&#8221; header_3_text_color=&#8221;#098cf2&#8221; header_3_font_size=&#8221;14px&#8221; header_3_letter_spacing=&#8221;2px&#8221; header_3_line_height=&#8221;2em&#8221; header_4_font=&#8221;||||||||&#8221; header_5_font=&#8221;||||||||&#8221; header_6_font=&#8221;||||||||&#8221; header_font_size_tablet=&#8221;38px&#8221; header_font_size_phone=&#8221;28px&#8221; header_font_size_last_edited=&#8221;on|phone&#8221; locked=&#8221;off&#8221; global_colors_info=&#8221;{}&#8221;]<\/p>\n<h1>O nama<\/h1>\n<p>[\/et_pb_text][\/et_pb_column][\/et_pb_row][\/et_pb_section][et_pb_section fb_built=&#8221;1&#8221; _builder_version=&#8221;4.16&#8221; _module_preset=&#8221;default&#8221; locked=&#8221;off&#8221; global_colors_info=&#8221;{}&#8221;][et_pb_row column_structure=&#8221;3_4,1_4&#8221; _builder_version=&#8221;4.16&#8221; _module_preset=&#8221;default&#8221; global_colors_info=&#8221;{}&#8221;][et_pb_column type=&#8221;3_4&#8221; _builder_version=&#8221;4.16&#8221; _module_preset=&#8221;default&#8221; global_colors_info=&#8221;{}&#8221;][et_pb_text module_class=&#8221;pa-toggle-text&#8221; _builder_version=&#8221;4.20.0&#8221; _module_preset=&#8221;default&#8221; header_2_line_height=&#8221;1.2em&#8221; hover_enabled=&#8221;0&#8221; locked=&#8221;off&#8221; global_colors_info=&#8221;{}&#8221; sticky_enabled=&#8221;0&#8221;]<\/p>\n<h2>AIRE Centar i RAI \u2013 Regionalna saradnja predstavlja kamen-temeljac djelotvorne borbe protiv organizovanog kriminala i korupcije<\/h2>\n<p>Program za Zapadni Balkan AIRE Centra i Regionalna antikorupcijska inicijativa (RAI) su udru\u017eili snage kako bi pro\u0161irili i oja\u010dali kapacitete regionalnih sudskih sistema i institucija da se bore protiv korupcije i organizovanog kriminala na Zapadnom Balkanu i u Bugarskoj, Hrvatskoj, Moldaviji i Rumuniji putem ja\u010danja regionalne saradnje u oduzimanju imovinske koristi pribavljene krivi\u010dnim djelom. Uz podr\u0161ku britanske Vlade, RAI i AIRE Centar su razvili Regionalnu mre\u017eu stru\u010dnjaka za oduzimanje imovinske koristi, koja provodi aktivnosti u saradnji sa pravosudnim institucijama, donosiocima odluka, stru\u010dnjacima za oduzimanje imovinske koristi i predstavnicima akademske zajednice.<\/p>\n<p>AIRE Centar je nevladina organizacija koja promovi\u0161e svijest o evropskom pravu i pru\u017ea podr\u0161ku \u017ertvama povreda ljudskih prava. Njegov tim me\u0111unarodnih pravnika pru\u017ea informacije, podr\u0161ku i savjete o pravnim standardima Evropske unije i Savjeta Evrope. AIRE Centar ima bogato iskustvo u postupcima pred Evropskim sudom za ljudska prava i do sada je u\u010destvovao u raspravama o vi\u0161e od 150 predmeta. Tokom prethodne dvije decenije AIRE Centar je izgradio jedinstveni ugled na Zapadnom Balkanu pri \u010demu sara\u0111uje sa pravosudnim sistemima tog regiona na svim nivoima.<\/p>\n<p>AIRE Centar tijesno sara\u0111uje sa ministarstvima pravde, centrima za obuku nosilaca pravosudnih funkcija i ustavnim i vrhovnim sudovima pri provo\u0111enju, podr\u0161ci i pomo\u0107i dugoro\u010dnom razvoju vladavine prava i reformskim projektima. AIRE Centar, tako\u0111e, sara\u0111uje sa sektorom NVO \u0161irom regiona kako bi doprinio podsticanju pravnih reformi i po\u0161tivanju osnovnih prava. Od samog po\u010detka njegov rad se temelji na nastojanju da osigura da svi mogu prakti\u010dno i djelotvorno ostvarivati svoja zakonska prava. U praksi to podrazumijeva unapre\u0111enje i olak\u0161avanje valjane primjene Evropske konvencije o ljudskim pravima, podr\u0161ku procesu evropskih integracija putem ja\u010danja vladavine prava i obezbje\u0111ivanja punog priznanja ljudskih prava, kao i podsticanje saradnje me\u0111u sudijama i pravnim stru\u010dnjacima \u0161irom regiona.<\/p>\n<p>Regionalna antikorupcijska inicijativa (RAI) predstavlja me\u0111uvladinu regionalnu organizaciju \u010dija je misija da predvodi regionalnu saradnju radi podr\u0161ke antikorupcijskim naporima tako \u0161to \u0107e obezbijediti zajedni\u010dku platformu za diskusiju, kao i za razmjenu znanja i najbolje prakse. RAI predstavlja regionalni centar putem kojeg vlasti iz regiona udru\u017euju napore usmjerene na suzbijanje korupcije u Jugoisto\u010dnoj Evropi. \u010clanice RAI su devet dr\u017eava: Albanija, Bosna i Hercegovina, Bugarska, Crna Gora, Hrvatska, Moldavija, Rumunija, Sjeverna Makedonija i Srbija, a Gruzija, Poljska i Slovenija u\u010destvuju u njenom radu u svojstvu posmatra\u010da.<\/p>\n<p>RAI slu\u017ei kao konkretan i vidljiv dokaz posve\u0107enosti njenih dr\u017eava \u010dlanica kontinuiranoj, usagla\u0161enoj i koordiniranoj borbi protiv korupcije u JIE. Ona je izgradila zajedni\u010dku regionalnu platformu za diskusiju izme\u0111u organa vlasti i gra\u0111anskog dru\u0161tva, te svoju misiju efikasno ostvaruje pru\u017eanjem prilago\u0111ene obuke i prilika za uzajamno u\u010denje i razmjenu savremenog znanja, inovativnih komunikacionih alatki, kao i prilika za razmjenu dobrih praksi u multidisciplinarnom okru\u017eenju.<\/p>\n<p>&nbsp;<\/p>\n<p>[\/et_pb_text][et_pb_text module_class=&#8221;pa-toggle-text&#8221; _builder_version=&#8221;4.20.0&#8221; _module_preset=&#8221;default&#8221; hover_enabled=&#8221;0&#8221; locked=&#8221;off&#8221; global_colors_info=&#8221;{}&#8221; sticky_enabled=&#8221;0&#8221;]<\/p>\n<h2>O Mre\u017ei<\/h2>\n<p>Regionalna mre\u017ea stru\u010dnjaka za oduzimanje imovinske koristi pribavljene krivi\u010dnim djelom (AR mre\u017ea) obezbje\u0111uje da se nastavi unapre\u0111enje komunikacije, dijaloga i saradnje u regionu i integrisanje relevantnih me\u0111unarodnih standarda.<\/p>\n<p>Posve\u0107enim profesionalcima i stru\u010dnjacima AR mre\u017ea obezbje\u0111uje prostor za ja\u010danje veza i saradnje radi unapre\u0111enja partnerstava i regionalnog pristupa oduzimanju imovinske koristi. Njome se kreira ambijent u kojem dijalog i saradnja u regionu mogu nastaviti da rastu i da doprinesu integrisanju relevantnih me\u0111unarodnih standarda i njihovoj primjeni \u0161irom regiona.<\/p>\n<p>Kriminal ne poznaje granice. Institucije koje se bore protiv kriminala su uslovljene granicama i nadle\u017enostima. Te razlike predstavljaju brojne izazove sa kojima se suo\u010davaju institucije u svojoj misiji da se bore protiv neka\u017enjivosti. Od 2018. godine AIRE Centar (AIRE) i Regionalna antikorupcijska inicijativa (RAI) provode regionalni projekat ja\u010danja kapaciteta klju\u010dnih institucija za djelotvorno provo\u0111enje mjera za oduzimanje imovinske koristi, koji se usredsre\u0111uje na unapre\u0111enje regionalne saradnje u predmetima oduzimanja imovinske koristi. Projekat je ve\u0107 zna\u010dajno unaprijedio vje\u0161tine i kapacitet stru\u010dnjaka zemalja \u0161irom Jugoisto\u010dne Evrope za djelotvorno provo\u0111enje re\u017eima oduzimanja imovinske koristi. Sada je od klju\u010dnog zna\u010daja da nastavimo da razvijamo te vje\u0161tine i da inkorporiramo najbolju praksu oduzimanja imovinske koristi kako bismo obezbijedili da se koristi ovog projekta osjete i u godinama koje slijede.<\/p>\n<p>Zato prekograni\u010dna saradnja ima klju\u010dni zna\u010daj za antikorupcijske mjere. Cilj AR mre\u017ee jeste da kreira \u0161iroku mre\u017eu sudija i tu\u017eilaca, predstavnika agencija za upravljanje oduzetom imovinom i akademske zajednice i drugih stru\u010dnjaka kako bi se ja\u010dala regionalna saradnja u trajnom oduzimanju imovinske koristi pribavljene krivi\u010dnim djelom. Tako\u0111e, cilj AR mre\u017ee jeste da unaprijedi komunikaciju i saradnju me\u0111u profesionalcima u regionu, \u0161to \u0107e, u kona\u010dnici, dovesti do ve\u0107e me\u0111unarodne saradnje u predmetima oduzimanja imovinske koristi, kao i do integrisanja i harmonizacije me\u0111unarodnih standarda i najbolje prakse u ovom kontekstu. Stoga \u0107e ona predstavljati glavni dio programa ja\u010danja kapaciteta.<\/p>\n<p>AR mre\u017ea \u0107e doprinijeti utvr\u0111ivanju i razmjeni najbolje prakse, tehnika za rje\u0161avanje problema i pouka. Uspje\u0161na pri\u010da iz Sjeverne Makedonije nadahnjuje stru\u010dnjake u Crnoj Gori da se zala\u017eu za promjene va\u017ee\u0107eg zakonodavstva koje bi olak\u0161ale prevazila\u017eenje izazova u njegovoj prakti\u010dnoj primjeni. Primjer iz Bosne i Hercegovine mo\u017ee da poslu\u017ei kao vodi\u010d za prakti\u010dare u Srbiji.<\/p>\n<p>Unapre\u0111enje regionalne i me\u0111unarodne saradnje u postupku oduzimanja imovinske koristi ima klju\u010dni zna\u010daj na tom putu. Zajedno mo\u017eemo da pratimo djelotvornu primjenu mjera za oduzimanje imovinske koristi u regionu. Informisani o iskustvima iz regiona, putem ove mre\u017ee mo\u017eemo da promovi\u0161emo harmonizaciju i standardizaciju normi i prakse.<\/p>\n<p>Kona\u010dno, AR mre\u017ea \u0107e pove\u0107ati razumijevanje razli\u010ditih nacionalnih sistema \u0161irom regiona. Svaka obuka, sastanak i aktivnost predstavljaju priliku da podijelimo sa drugima svoje specifi\u010dnosti. Promovisanjem uspje\u0161nih pri\u010da AR mre\u017ea mo\u017ee i mora da pribli\u017ei javnosti temu oduzimanja imovinske koristi. Na\u0161 cilj i misiju \u0107emo ostvariti samo ako budemo u\u017eivali podr\u0161ku javnosti. \u0160to je bolje razumijevanje mehanizama za borbu protiv kriminala, to \u0107emo imati vi\u0161e saveznika. To je klju\u010dna tema na\u0161e mre\u017ee \u2013 pronalazimo partnere, u\u010dimo jedni od drugih i zajedno rastemo.<\/p>\n<p>[\/et_pb_text][et_pb_text module_class=&#8221;pa-toggle-text&#8221; _builder_version=&#8221;4.20.0&#8221; _module_preset=&#8221;default&#8221; hover_enabled=&#8221;0&#8221; locked=&#8221;off&#8221; global_colors_info=&#8221;{}&#8221; sticky_enabled=&#8221;0&#8221;]<\/p>\n<h2>Zona za \u010dlanove<\/h2>\n<p>Platforma, tako\u0111e, ima zonu namijenjenu \u010dlanovima Mre\u017ee. Putem te zone \u010dlanovi mogu zatra\u017eiti i dobiti podr\u0161ku od administratora Platforme.<\/p>\n<p>Zona pru\u017ea informacije o \u010dlanovima mre\u017ee, kao i druge usluge, uklju\u010duju\u0107i i registraciju za u\u010destvovanje na doga\u0111ajima.<\/p>\n<p>Ukoliko ste ve\u0107 \u010dlan, pristupite zoni <a href=\"https:\/\/members.arrplatform.org\/\" target=\"_blank\" rel=\"noopener\" title=\"Zona za \u010dlanove mre\u017ee\">OVDJE<\/a>. Ako \u017eelite da se prijavite za \u010dlanstvo u AR Mre\u017ei, molimo vas da nam pi\u0161ete.<\/p>\n<p>[\/et_pb_text][\/et_pb_column][et_pb_column type=&#8221;1_4&#8221; _builder_version=&#8221;4.16&#8221; _module_preset=&#8221;default&#8221; global_colors_info=&#8221;{}&#8221;][\/et_pb_column][\/et_pb_row][\/et_pb_section]<\/p>\n","protected":false},"excerpt":{"rendered":"<p>O namaAIRE Centar i RAI \u2013 Regionalna saradnja predstavlja kamen-temeljac djelotvorne borbe protiv organizovanog kriminala i korupcije Program za Zapadni Balkan AIRE Centra i Regionalna antikorupcijska inicijativa (RAI) su udru\u017eili snage kako bi pro\u0161irili i oja\u010dali kapacitete regionalnih sudskih sistema i institucija da se bore protiv korupcije i organizovanog kriminala na Zapadnom Balkanu i u [&hellip;]<\/p>\n","protected":false},"author":1,"featured_media":0,"parent":0,"menu_order":0,"comment_status":"closed","ping_status":"closed","template":"","meta":{"_et_pb_use_builder":"on","_et_pb_old_content":"","_et_gb_content_width":"","footnotes":""},"class_list":["post-1047","page","type-page","status-publish","hentry"],"_links":{"self":[{"href":"https:\/\/arrplatform.org\/bcms\/wp-json\/wp\/v2\/pages\/1047","targetHints":{"allow":["GET"]}}],"collection":[{"href":"https:\/\/arrplatform.org\/bcms\/wp-json\/wp\/v2\/pages"}],"about":[{"href":"https:\/\/arrplatform.org\/bcms\/wp-json\/wp\/v2\/types\/page"}],"author":[{"embeddable":true,"href":"https:\/\/arrplatform.org\/bcms\/wp-json\/wp\/v2\/users\/1"}],"replies":[{"embeddable":true,"href":"https:\/\/arrplatform.org\/bcms\/wp-json\/wp\/v2\/comments?post=1047"}],"version-history":[{"count":12,"href":"https:\/\/arrplatform.org\/bcms\/wp-json\/wp\/v2\/pages\/1047\/revisions"}],"predecessor-version":[{"id":1422,"href":"https:\/\/arrplatform.org\/bcms\/wp-json\/wp\/v2\/pages\/1047\/revisions\/1422"}],"wp:attachment":[{"href":"https:\/\/arrplatform.org\/bcms\/wp-json\/wp\/v2\/media?parent=1047"}],"curies":[{"name":"wp","href":"https:\/\/api.w.org\/{rel}","templated":true}]}}