{"id":90,"date":"2022-06-22T13:00:34","date_gmt":"2022-06-22T13:00:34","guid":{"rendered":"https:\/\/arrplatform.org\/ro\/?page_id=90"},"modified":"2022-06-23T12:00:27","modified_gmt":"2022-06-23T12:00:27","slug":"despre-noi","status":"publish","type":"page","link":"https:\/\/arrplatform.org\/ro\/despre-noi\/","title":{"rendered":"Despre noi"},"content":{"rendered":"<p>[et_pb_section fb_built=&#8221;1&#8243; admin_label=&#8221;Header&#8221; _builder_version=&#8221;4.16&#8243; _module_preset=&#8221;default&#8221; background_image=&#8221;https:\/\/arrplatform.org\/ro\/wp-content\/uploads\/sites\/6\/2022\/06\/office1-e1647237007591.jpg&#8221; parallax=&#8221;on&#8221; custom_margin=&#8221;|||&#8221; custom_padding=&#8221;12vw|0px|0|0px|false|false&#8221; locked=&#8221;off&#8221; global_colors_info=&#8221;{}&#8221;][et_pb_row custom_padding_last_edited=&#8221;on|desktop&#8221; padding_top_bottom_link_1=&#8221;false&#8221; padding_left_right_link_1=&#8221;true&#8221; _builder_version=&#8221;4.16&#8243; _module_preset=&#8221;default&#8221; background_size=&#8221;initial&#8221; background_position=&#8221;top_left&#8221; background_repeat=&#8221;repeat&#8221; max_width=&#8221;1160px&#8221; custom_margin=&#8221;|||||false&#8221; custom_padding=&#8221;27px|20em|0|0px|false|false&#8221; custom_padding_tablet=&#8221;|0px|||false|false&#8221; custom_padding_phone=&#8221;|0px|||false|false&#8221; use_custom_width=&#8221;on&#8221; custom_width_px=&#8221;1160px&#8221; global_colors_info=&#8221;{}&#8221;][et_pb_column type=&#8221;4_4&#8243; _builder_version=&#8221;4.16&#8243; _module_preset=&#8221;default&#8221; background_color=&#8221;#ffffff&#8221; custom_padding=&#8221;40px|40px|0px|40px&#8221; global_colors_info=&#8221;{}&#8221; custom_padding__hover=&#8221;|||&#8221;][et_pb_text _builder_version=&#8221;4.17.4&#8243; _module_preset=&#8221;default&#8221; text_font=&#8221;Playfair Display|700|||||||&#8221; text_text_color=&#8221;#000000&#8243; text_font_size=&#8221;48px&#8221; text_line_height=&#8221;1.4em&#8221; ul_font=&#8221;||||||||&#8221; ol_font=&#8221;||||||||&#8221; header_font=&#8221;Playfair Display|700|||||||&#8221; header_font_size=&#8221;48px&#8221; header_line_height=&#8221;1.5em&#8221; header_2_font=&#8221;||||||||&#8221; header_3_font=&#8221;Rubik|500||on|||||&#8221; header_3_text_color=&#8221;#098cf2&#8243; header_3_font_size=&#8221;14px&#8221; header_3_letter_spacing=&#8221;2px&#8221; header_3_line_height=&#8221;2em&#8221; header_4_font=&#8221;||||||||&#8221; header_5_font=&#8221;||||||||&#8221; header_6_font=&#8221;||||||||&#8221; header_font_size_tablet=&#8221;38px&#8221; header_font_size_phone=&#8221;28px&#8221; header_font_size_last_edited=&#8221;on|phone&#8221; locked=&#8221;off&#8221; global_colors_info=&#8221;{}&#8221;]<\/p>\n<h1>Despre noi<\/h1>\n<p>[\/et_pb_text][\/et_pb_column][\/et_pb_row][\/et_pb_section][et_pb_section fb_built=&#8221;1&#8243; _builder_version=&#8221;4.16&#8243; _module_preset=&#8221;default&#8221; global_colors_info=&#8221;{}&#8221;][et_pb_row column_structure=&#8221;3_4,1_4&#8243; _builder_version=&#8221;4.16&#8243; _module_preset=&#8221;default&#8221; custom_padding=&#8221;0px||||false|false&#8221; global_colors_info=&#8221;{}&#8221;][et_pb_column type=&#8221;3_4&#8243; _builder_version=&#8221;4.16&#8243; _module_preset=&#8221;default&#8221; global_colors_info=&#8221;{}&#8221;][et_pb_text module_class=&#8221;pa-toggle-text&#8221; _builder_version=&#8221;4.17.4&#8243; _module_preset=&#8221;default&#8221; header_2_line_height=&#8221;1.2em&#8221; global_colors_info=&#8221;{}&#8221;]<\/p>\n<h2>Centrul AIRE \u0219i RAI \u2013 Cooperarea regional\u0103 ca piatr\u0103 de temelie a combaterii eficiente a criminalit\u0103\u021bii organizate \u0219i a corup\u021biei<\/h2>\n<p>Programul Centrului AIRE pentru Balcanii de Vest \u0219i Ini\u021biativa Anticorup\u021bie regional\u0103 (RAI) \u0219i-au unit for\u021bele pentru a extinde \u0219i a \u00eembun\u0103t\u0103\u021bi capacit\u0103\u021bile sistemelor judiciare \u0219i ale institu\u021biilor regionale de combatere a corup\u021biei \u0219i a criminalit\u0103\u021bii organizate \u00een Balcanii de Vest, Bulgaria, Croa\u021bia, Moldova \u0219i Rom\u00e2nia prin consolidarea cooper\u0103rii regionale \u00een materie de recuperare a activelor. Cu sprijinul guvernului Regatului Unit, RAI \u0219i Centrul AIRE au dezvoltat Re\u021beaua regional\u0103 de exper\u021bi \u00een recuperarea activelor, care \u00ee\u0219i desf\u0103\u0219oar\u0103 activitatea \u00een colaborare cu institu\u021bii judiciare, factori de decizie, profesioni\u0219ti din domeniul recuper\u0103rii activelor \u0219i cadre universitare.<\/p>\n<p>Centrul AIRE este o organiza\u021bie neguvernamental\u0103 care promoveaz\u0103 informarea cu privire la drepturile conferite de legisla\u021bia Uniunii \u0219i ofer\u0103 sprijin victimelor \u00eenc\u0103lc\u0103rilor drepturilor omului. O echip\u0103 de avoca\u021bi interna\u021bionali ofer\u0103 informa\u021bii, sprijin \u0219i consiliere cu privire la normele juridice ale Uniunii Europene \u0219i ale Consiliului Europei. Aceasta are o experien\u021b\u0103 deosebit\u0103 \u00een litigii \u00een fa\u021ba Cur\u021bii Europene a Drepturilor Omului de la Strasbourg \u0219i a participat la mai mult de 150 de procese. De dou\u0103zeci de ani, Centrul AIRE \u0219i-a construit o reputa\u021bie de neegalat \u00een Balcanii de Vest, desf\u0103\u0219ur\u00e2ndu-\u0219i activitatea la toate nivelurile sistemelor de justi\u021bie din regiune. Centrul \u00ee\u0219i desf\u0103\u0219oar\u0103 activitatea \u00een str\u00e2ns\u0103 cooperare cu ministerele justi\u021biei, cu centrele de formare judiciar\u0103 \u0219i cu instan\u021bele constitu\u021bionale \u0219i supreme pentru a coordona, sus\u021bine \u0219i sprijini proiecte de dezvoltare \u0219i reform\u0103 pe termen lung a statului de drept. Centrul AIRE coopereaz\u0103, de asemenea, cu sectorul ONG-urilor din \u00eentreaga regiune pentru a contribui la promovarea reformei juridice \u0219i a respect\u0103rii drepturilor fundamentale. \u00centreaga sa activitate s-a bazat \u00eentotdeauna pe garantarea faptului c\u0103 oricine poate beneficia practic \u0219i efectiv de drepturile sale legale. \u00cen practic\u0103, acest lucru a \u00eensemnat promovarea \u0219i facilitarea punerii \u00een aplicare corespunz\u0103toare a Conven\u021biei europene a drepturilor omului, sprijinirea procesului de integrare european\u0103 prin consolidarea statului de drept \u0219i asigurarea recunoa\u0219terii depline a drepturilor omului \u0219i \u00eencurajarea cooper\u0103rii \u00eentre judec\u0103torii \u0219i profesioni\u0219tii din domeniul juridic din \u00eentreaga regiune.<\/p>\n<p>Ini\u021biativa regional\u0103 anticorup\u021bie (RAI) este o organiza\u021bie interguvernamental\u0103 regional\u0103 a c\u0103rei misiune este de a coordona cooperarea regional\u0103 pentru a sprijini eforturile de combatere a corup\u021biei prin furnizarea unei platforme comune de discu\u021bii prin schimbul de cuno\u0219tin\u021be \u0219i de bune practici. RAI ac\u021bioneaz\u0103 ca un centru regional prin care guvernele din regiune \u00ee\u0219i pot combina eforturile pentru a contribui la combaterea corup\u021biei \u00een Europa de Sud-Est. RAI are nou\u0103 state membre: Albania, Bosnia \u0219i Her\u021begovina, Bulgaria, Croa\u021bia, Moldova, Muntenegru, Macedonia, Rom\u00e2nia \u0219i Serbia, \u00een timp ce Georgia, Polonia \u0219i Slovenia au statutul de observatori.<\/p>\n<p>RAI reprezint\u0103 o demonstra\u021bie concret\u0103 \u0219i vizibil\u0103 a angajamentului \u021b\u0103rilor sale membre fa\u021b\u0103 de lupta continu\u0103, concertat\u0103 \u0219i coordonat\u0103 \u00eempotriva corup\u021biei \u00een Europa de Sud-Est. RAI a construit o platform\u0103 regional\u0103 comun\u0103 pentru discu\u021bii \u00eentre guverne \u0219i societatea civil\u0103 \u0219i \u0219i-a \u00eendeplinit \u00een mod eficient misiunea prin formare personalizat\u0103, \u00eenv\u0103\u021bare reciproc\u0103 \u0219i schimb de produse de informare moderne, de instrumente inovatoare de comunicare \u0219i schimb de bune practici \u00eentr-un cadru multidisciplinar.<\/p>\n<p>&nbsp;<\/p>\n<p>[\/et_pb_text][et_pb_text module_class=&#8221;pa-toggle-text&#8221; _builder_version=&#8221;4.17.4&#8243; _module_preset=&#8221;default&#8221; global_colors_info=&#8221;{}&#8221;]<\/p>\n<h2>Despre re\u021bea<\/h2>\n<p>Re\u021beaua regional\u0103 de recuperare a activelor (re\u021beaua AR) asigur\u0103 c\u0103 dialogul, comunicarea \u0219i cooperarea \u00een regiune pot continua s\u0103 se dezvolte, contribuind la integrarea standardelor interna\u021bionale relevante.<\/p>\n<p>Re\u021beaua AR este un spa\u021biu rezervat profesioni\u0219tilor \u0219i exper\u021bilor din domeniu pentru consolidarea leg\u0103turilor \u0219i a colabor\u0103rii. Obiectivul este de a promova parteneriatele \u0219i de a \u00eencuraja o abordare regional\u0103 a recuper\u0103rii activelor. Re\u021beaua AR creeaz\u0103 un cadru \u00een care dialogul \u0219i cooperarea \u00een regiune pot continua s\u0103 se dezvolte, contribuind la punerea \u00een aplicare \u0219i integrarea standardelor interna\u021bionale relevante \u00een \u00eentreaga regiune.<\/p>\n<p>Criminalitatea nu cunoa\u0219te frontiere. Cu toate acestea, institu\u021biile care lupt\u0103 \u00eempotriva criminalit\u0103\u021bii sunt limitate de frontiere \u0219i de jurisdic\u021bii. Principalele provoc\u0103ri cu care se confrunt\u0103 institu\u021biile \u00een misiunea lor de a combate impunitatea sunt legate tocmai de aceast\u0103 diferen\u021b\u0103. \u00cencep\u00e2nd din 2018, Centrul AIRE \u0219i Ini\u021biativa regional\u0103 anticorup\u021bie (RAI) au realizat un proiect regional de consolidare a capacit\u0103\u021bii institu\u021biilor-cheie de a pune \u00een aplicare \u00een mod eficient m\u0103surile de recuperare a activelor, cu accent pe \u00eencurajarea cooper\u0103rii regionale \u00een cazurile de recuperare a activelor. Proiectul a condus deja la \u00eembun\u0103t\u0103\u021biri semnificative \u00een ceea ce prive\u0219te competen\u021bele \u0219i capacitatea jurisdic\u021biilor din Europa de Sud-Est de a pune \u00een aplicare regimuri eficiente de recuperare a activelor. \u00cen prezent, este esen\u021bial s\u0103 continu\u0103m s\u0103 dezvolt\u0103m aceste competen\u021be \u0219i s\u0103 includem cele mai bune practici \u00een abordarea cazurilor de recuperare a activelor, pentru a asigura beneficiile proiectului pentru anii urm\u0103tori.<\/p>\n<p>Cooperarea transfrontalier\u0103 este, \u00een mod evident, esen\u021bial\u0103 pentru m\u0103surile de combatere a corup\u021biei. Obiectivul re\u021belei AR este, prin urmare, de a crea o re\u021bea vast\u0103 de judec\u0103tori, procurori, reprezentan\u021bi ai agen\u021biilor de gestionare a activelor, cadre universitare \u0219i al\u021bi profesioni\u0219ti pentru a consolida cooperarea regional\u0103 \u00een ceea ce prive\u0219te confiscarea produselor provenite din s\u0103v\u00e2r\u0219irea de infrac\u021biuni. Re\u021beaua AR are rolul de a \u00eembun\u0103t\u0103\u021bi comunicarea \u0219i colaborarea dintre profesioni\u0219tii din regiune, conduc\u00e2nd, \u00een cele din urm\u0103, la o intensificare a cooper\u0103rii interna\u021bionale \u00een cazurile de recuperare a activelor \u0219i la integrarea \u0219i alinierea standardelor interna\u021bionale \u0219i a celor mai bune practici \u00een acest context. Prin urmare, aceasta va constitui o parte central\u0103 a programelor de consolidare a capacit\u0103\u021bilor.<\/p>\n<p>Re\u021beaua va permite membrilor s\u0103 identifice \u0219i s\u0103 fac\u0103 schimb de bune practici, de tehnici de solu\u021bionare a problemelor \u0219i de lec\u021bii \u00eenv\u0103\u021bate. O poveste de succes din Macedonia de Nord, de exemplu, poate inspira exper\u021bi din Muntenegru s\u0103 pledeze pentru modificarea legisla\u021biei lor na\u021bionale pentru a contribui la reproducerea unui astfel de succes peste grani\u021b\u0103. \u00cen mod similar, exemplele de mecanisme efective de recuperare a activelor \u00een Bosnia \u0219i Her\u021begovina pot servi drept ghid util pentru practicienii din Serbia.<\/p>\n<p>\u021a\u0103rile din regiune nu numai c\u0103 sunt apropiate din punct de vedere geografic, dar fiecare dintre ele se confrunt\u0103 cu provoc\u0103ri similare, bazate pe cauze sociale, politice \u0219i istorice comune. \u00cen consecin\u021b\u0103, cuno\u0219tin\u021bele \u0219i experien\u021ba dob\u00e2ndite \u00een cadrul unei jurisdic\u021bii pot servi cu u\u0219urin\u021b\u0103 pentru a ajuta o alta.<\/p>\n<p>Promovarea cooper\u0103rii regionale \u0219i interna\u021bionale \u00een procesul de recuperare a activelor este esen\u021bial\u0103 \u00een procesul de punere \u00een aplicare eficient\u0103 a m\u0103surilor de recuperare a activelor. Colaborarea \u00een desf\u0103\u0219urarea activit\u0103\u021bii este modalitatea cea mai eficient\u0103 de monitorizare a punerii \u00een aplicare eficiente a m\u0103surilor de recuperare a activelor \u00een regiune. Pe baza experien\u021belor din \u00eentreaga regiune, Re\u021beaua va constitui un instrument esen\u021bial pentru promovarea armoniz\u0103rii standardelor \u0219i practicilor.<\/p>\n<p>De\u0219i este clar c\u0103 jurisdic\u021biile din regiune se confrunt\u0103 cu provoc\u0103ri similare, este, de asemenea, important s\u0103 se \u021bin\u0103 seama de diferen\u021bele dintre sistemele na\u021bionale din regiune \u0219i s\u0103 se \u00eencerce o mai bun\u0103 \u00een\u021belegere a acestora. Astfel, fiecare sesiune de formare, reuniune \u0219i eveniment ofer\u0103, de asemenea, posibilitatea ca membri s\u0103 \u00eemp\u0103rt\u0103\u0219easc\u0103 informa\u021bii cu privire la particularit\u0103\u021bile sistemelor lor na\u021bionale.<\/p>\n<p>\u00cen cele din urm\u0103, prin promovarea pove\u0219tilor de succes, Re\u021beaua poate \u0219i trebuie s\u0103 aduc\u0103 subiectul recuper\u0103rii activelor mai aproape de public. Misiunea de punere eficient\u0103 \u00een aplicare a m\u0103surilor de recuperare a activelor va fi \u00eendeplinit\u0103 numai cu un sprijin public mai larg. Printr-o mai bun\u0103 \u00een\u021belegere a mecanismelor de combatere a criminalit\u0103\u021bii, re\u021beaua AR poate continua s\u0103 creasc\u0103 at\u00e2t \u00een ceea ce prive\u0219te num\u0103rul de membri, c\u00e2t \u0219i \u00een audien\u021b\u0103. Prin urmare, aceasta \u00ee\u0219i va \u00eendeplini obiectivul principal, \u0219i anume acela de a aduce oameni \u00eempreun\u0103 pentru a \u00eenv\u0103\u021ba unii de la al\u021bii \u0219i pentru a se bucura de avantajele reciproce care rezult\u0103 din adoptarea unei abord\u0103ri bazate pe colaborare. <\/p>\n<p>[\/et_pb_text][et_pb_text module_class=&#8221;pa-toggle-text&#8221; _builder_version=&#8221;4.17.4&#8243; _module_preset=&#8221;default&#8221; hover_enabled=&#8221;0&#8243; global_colors_info=&#8221;{}&#8221; sticky_enabled=&#8221;0&#8243;]<\/p>\n<h2>Membrii re\u021belei AR<\/h2>\n<p>Platforma are, de asemenea, o zon\u0103 destinat\u0103 exclusiv membrilor. Prin intermediul acestei zone, membrii pot solicita \u0219i primi sprijin din partea administratorilor Platformei. Zona ofer\u0103 informa\u021bii despre membrii re\u021belei, precum \u0219i cu privire la alte servicii, inclusiv \u00eenregistrarea la evenimente. Dac\u0103 sunte\u021bi deja membru, accesa\u021bi zona <a href=\"https:\/\/members.arrplatform.org\/\" target=\"_blank\" rel=\"noopener\" title=\"Membrii zon\u0103\">AICI<\/a>. Dac\u0103 dori\u021bi s\u0103 deveni\u021bi membru al re\u021belei AR, v\u0103 rug\u0103m s\u0103 ne scrie\u021bi la adresa.<\/p>\n<p>[\/et_pb_text][\/et_pb_column][et_pb_column type=&#8221;1_4&#8243; _builder_version=&#8221;4.16&#8243; _module_preset=&#8221;default&#8221; global_colors_info=&#8221;{}&#8221;][\/et_pb_column][\/et_pb_row][\/et_pb_section]<\/p>\n","protected":false},"excerpt":{"rendered":"<p>Despre noiCentrul AIRE \u0219i RAI \u2013 Cooperarea regional\u0103 ca piatr\u0103 de temelie a combaterii eficiente a criminalit\u0103\u021bii organizate \u0219i a corup\u021biei Programul Centrului AIRE pentru Balcanii de Vest \u0219i Ini\u021biativa Anticorup\u021bie regional\u0103 (RAI) \u0219i-au unit for\u021bele pentru a extinde \u0219i a \u00eembun\u0103t\u0103\u021bi capacit\u0103\u021bile sistemelor judiciare \u0219i ale institu\u021biilor regionale de combatere a corup\u021biei \u0219i a [&hellip;]<\/p>\n","protected":false},"author":1,"featured_media":0,"parent":0,"menu_order":0,"comment_status":"closed","ping_status":"closed","template":"","meta":{"_et_pb_use_builder":"on","_et_pb_old_content":"","_et_gb_content_width":"","footnotes":""},"class_list":["post-90","page","type-page","status-publish","hentry"],"_links":{"self":[{"href":"https:\/\/arrplatform.org\/ro\/wp-json\/wp\/v2\/pages\/90","targetHints":{"allow":["GET"]}}],"collection":[{"href":"https:\/\/arrplatform.org\/ro\/wp-json\/wp\/v2\/pages"}],"about":[{"href":"https:\/\/arrplatform.org\/ro\/wp-json\/wp\/v2\/types\/page"}],"author":[{"embeddable":true,"href":"https:\/\/arrplatform.org\/ro\/wp-json\/wp\/v2\/users\/1"}],"replies":[{"embeddable":true,"href":"https:\/\/arrplatform.org\/ro\/wp-json\/wp\/v2\/comments?post=90"}],"version-history":[{"count":5,"href":"https:\/\/arrplatform.org\/ro\/wp-json\/wp\/v2\/pages\/90\/revisions"}],"predecessor-version":[{"id":171,"href":"https:\/\/arrplatform.org\/ro\/wp-json\/wp\/v2\/pages\/90\/revisions\/171"}],"wp:attachment":[{"href":"https:\/\/arrplatform.org\/ro\/wp-json\/wp\/v2\/media?parent=90"}],"curies":[{"name":"wp","href":"https:\/\/api.w.org\/{rel}","templated":true}]}}